{"id":250,"date":"2015-05-03T13:05:46","date_gmt":"2015-05-03T11:05:46","guid":{"rendered":"http:\/\/www.binnenschiffsmodelle.de\/?page_id=250"},"modified":"2015-05-03T13:06:07","modified_gmt":"2015-05-03T11:06:07","slug":"wunnenstein","status":"publish","type":"page","link":"https:\/\/www.binnenschiffsmodelle.de\/?page_id=250","title":{"rendered":"Wunnenstein"},"content":{"rendered":"<p>Ma\u00dfstab 1:50<\/p>\n<p>&nbsp;<\/p>\n<p>Gr\u00f6\u00dfe:<\/p>\n<p>Original: 105m x 9,50m<\/p>\n<p>Modell: 2,10m x 19cm<\/p>\n<p><strong>ngg_shortcode_0_placeholder<\/strong><\/p>\n","protected":false},"excerpt":{"rendered":"<p>Ma\u00dfstab 1:50 &nbsp; Gr\u00f6\u00dfe: Original: 105m x 9,50m Modell: 2,10m x 19cm<\/p>\n","protected":false},"author":1,"featured_media":0,"parent":41,"menu_order":0,"comment_status":"closed","ping_status":"closed","template":"","meta":{"ngg_post_thumbnail":0},"_links":{"self":[{"href":"https:\/\/www.binnenschiffsmodelle.de\/index.php?rest_route=\/wp\/v2\/pages\/250"}],"collection":[{"href":"https:\/\/www.binnenschiffsmodelle.de\/index.php?rest_route=\/wp\/v2\/pages"}],"about":[{"href":"https:\/\/www.binnenschiffsmodelle.de\/index.php?rest_route=\/wp\/v2\/types\/page"}],"author":[{"embeddable":true,"href":"https:\/\/www.binnenschiffsmodelle.de\/index.php?rest_route=\/wp\/v2\/users\/1"}],"replies":[{"embeddable":true,"href":"https:\/\/www.binnenschiffsmodelle.de\/index.php?rest_route=%2Fwp%2Fv2%2Fcomments&post=250"}],"version-history":[{"count":1,"href":"https:\/\/www.binnenschiffsmodelle.de\/index.php?rest_route=\/wp\/v2\/pages\/250\/revisions"}],"predecessor-version":[{"id":251,"href":"https:\/\/www.binnenschiffsmodelle.de\/index.php?rest_route=\/wp\/v2\/pages\/250\/revisions\/251"}],"up":[{"embeddable":true,"href":"https:\/\/www.binnenschiffsmodelle.de\/index.php?rest_route=\/wp\/v2\/pages\/41"}],"wp:attachment":[{"href":"https:\/\/www.binnenschiffsmodelle.de\/index.php?rest_route=%2Fwp%2Fv2%2Fmedia&parent=250"}],"curies":[{"name":"wp","href":"https:\/\/api.w.org\/{rel}","templated":true}]}}