{"id":31,"date":"2015-03-20T23:41:44","date_gmt":"2015-03-20T22:41:44","guid":{"rendered":"http:\/\/www.ni156007_2.vweb11.nitrado.net\/wordpress\/?page_id=31"},"modified":"2015-03-21T11:38:23","modified_gmt":"2015-03-21T10:38:23","slug":"eiltank-21","status":"publish","type":"page","link":"https:\/\/www.binnenschiffsmodelle.de\/?page_id=31","title":{"rendered":"Eiltank 21"},"content":{"rendered":"<p>EIltank 21 und Tankleichter Eiltank 58<\/p>\n<p>Daten:<br \/>\nEiltank 21 vor dem Umbau<br \/>\nL\u00e4nge 105m -Ma\u00dfstab 1:50- 210cm<br \/>\nBreit: 10,50m &#8211; Ma\u00dfstab 1:50 -21cm<\/p>\n<p>Eiltank 58<\/p>\n<p>L\u00e4nge 80m &#8211; Ma\u00dfstab 1:50- 1,60m<br \/>\nBreite 9m -Ma\u00dfstab 1:50 &#8211; 18cm<\/p>\n<p>Tankleichter auf Seite: Breite 39cm<br \/>\nTankleichter vorne: L\u00e4nge 3,70m<\/p>\nngg_shortcode_0_placeholder\n","protected":false},"excerpt":{"rendered":"<p>EIltank 21 und Tankleichter Eiltank 58 Daten: Eiltank 21 vor dem Umbau L\u00e4nge 105m -Ma\u00dfstab 1:50- 210cm Breit: 10,50m &#8211; Ma\u00dfstab 1:50 -21cm Eiltank 58 L\u00e4nge 80m &#8211; Ma\u00dfstab 1:50- 1,60m Breite 9m -Ma\u00dfstab 1:50 &#8211; 18cm Tankleichter auf Seite: [&hellip;]<\/p>\n","protected":false},"author":1,"featured_media":0,"parent":41,"menu_order":0,"comment_status":"closed","ping_status":"closed","template":"","meta":{"ngg_post_thumbnail":0},"_links":{"self":[{"href":"https:\/\/www.binnenschiffsmodelle.de\/index.php?rest_route=\/wp\/v2\/pages\/31"}],"collection":[{"href":"https:\/\/www.binnenschiffsmodelle.de\/index.php?rest_route=\/wp\/v2\/pages"}],"about":[{"href":"https:\/\/www.binnenschiffsmodelle.de\/index.php?rest_route=\/wp\/v2\/types\/page"}],"author":[{"embeddable":true,"href":"https:\/\/www.binnenschiffsmodelle.de\/index.php?rest_route=\/wp\/v2\/users\/1"}],"replies":[{"embeddable":true,"href":"https:\/\/www.binnenschiffsmodelle.de\/index.php?rest_route=%2Fwp%2Fv2%2Fcomments&post=31"}],"version-history":[{"count":8,"href":"https:\/\/www.binnenschiffsmodelle.de\/index.php?rest_route=\/wp\/v2\/pages\/31\/revisions"}],"predecessor-version":[{"id":129,"href":"https:\/\/www.binnenschiffsmodelle.de\/index.php?rest_route=\/wp\/v2\/pages\/31\/revisions\/129"}],"up":[{"embeddable":true,"href":"https:\/\/www.binnenschiffsmodelle.de\/index.php?rest_route=\/wp\/v2\/pages\/41"}],"wp:attachment":[{"href":"https:\/\/www.binnenschiffsmodelle.de\/index.php?rest_route=%2Fwp%2Fv2%2Fmedia&parent=31"}],"curies":[{"name":"wp","href":"https:\/\/api.w.org\/{rel}","templated":true}]}}