{"id":348,"date":"2017-09-03T23:29:45","date_gmt":"2017-09-03T21:29:45","guid":{"rendered":"http:\/\/www.binnenschiffsmodelle.de\/?page_id=348"},"modified":"2017-09-03T23:30:10","modified_gmt":"2017-09-03T21:30:10","slug":"kaethe-krieger","status":"publish","type":"page","link":"https:\/\/www.binnenschiffsmodelle.de\/?page_id=348","title":{"rendered":"K\u00e4the Krieger"},"content":{"rendered":"<p>K\u00e4the Krieger Ma\u00dfstab 1:50<\/p>\n<p><strong>ngg_shortcode_0_placeholder<\/strong><\/p>\n","protected":false},"excerpt":{"rendered":"<p>K\u00e4the Krieger Ma\u00dfstab 1:50<\/p>\n","protected":false},"author":1,"featured_media":0,"parent":41,"menu_order":0,"comment_status":"closed","ping_status":"closed","template":"","meta":{"ngg_post_thumbnail":0},"_links":{"self":[{"href":"https:\/\/www.binnenschiffsmodelle.de\/index.php?rest_route=\/wp\/v2\/pages\/348"}],"collection":[{"href":"https:\/\/www.binnenschiffsmodelle.de\/index.php?rest_route=\/wp\/v2\/pages"}],"about":[{"href":"https:\/\/www.binnenschiffsmodelle.de\/index.php?rest_route=\/wp\/v2\/types\/page"}],"author":[{"embeddable":true,"href":"https:\/\/www.binnenschiffsmodelle.de\/index.php?rest_route=\/wp\/v2\/users\/1"}],"replies":[{"embeddable":true,"href":"https:\/\/www.binnenschiffsmodelle.de\/index.php?rest_route=%2Fwp%2Fv2%2Fcomments&post=348"}],"version-history":[{"count":1,"href":"https:\/\/www.binnenschiffsmodelle.de\/index.php?rest_route=\/wp\/v2\/pages\/348\/revisions"}],"predecessor-version":[{"id":349,"href":"https:\/\/www.binnenschiffsmodelle.de\/index.php?rest_route=\/wp\/v2\/pages\/348\/revisions\/349"}],"up":[{"embeddable":true,"href":"https:\/\/www.binnenschiffsmodelle.de\/index.php?rest_route=\/wp\/v2\/pages\/41"}],"wp:attachment":[{"href":"https:\/\/www.binnenschiffsmodelle.de\/index.php?rest_route=%2Fwp%2Fv2%2Fmedia&parent=348"}],"curies":[{"name":"wp","href":"https:\/\/api.w.org\/{rel}","templated":true}]}}