{"id":355,"date":"2018-04-05T22:15:26","date_gmt":"2018-04-05T20:15:26","guid":{"rendered":"http:\/\/www.binnenschiffsmodelle.de\/?page_id=355"},"modified":"2018-04-17T21:04:11","modified_gmt":"2018-04-17T19:04:11","slug":"rudolf-thea","status":"publish","type":"page","link":"https:\/\/www.binnenschiffsmodelle.de\/?page_id=355","title":{"rendered":"Rudolf Thea"},"content":{"rendered":"<p>Ma\u00dfe Original:<\/p>\n<p>105m x 11,40m<\/p>\n<p>Ma\u00dfe Modell:<\/p>\n<p>Ma\u00dfstab 1:75<br \/>\n1,40m x 15,2cm<\/p>\nngg_shortcode_0_placeholder\n","protected":false},"excerpt":{"rendered":"<p>Ma\u00dfe Original: 105m x 11,40m Ma\u00dfe Modell: Ma\u00dfstab 1:75 1,40m x 15,2cm<\/p>\n","protected":false},"author":1,"featured_media":0,"parent":62,"menu_order":0,"comment_status":"closed","ping_status":"closed","template":"","meta":{"ngg_post_thumbnail":0},"_links":{"self":[{"href":"https:\/\/www.binnenschiffsmodelle.de\/index.php?rest_route=\/wp\/v2\/pages\/355"}],"collection":[{"href":"https:\/\/www.binnenschiffsmodelle.de\/index.php?rest_route=\/wp\/v2\/pages"}],"about":[{"href":"https:\/\/www.binnenschiffsmodelle.de\/index.php?rest_route=\/wp\/v2\/types\/page"}],"author":[{"embeddable":true,"href":"https:\/\/www.binnenschiffsmodelle.de\/index.php?rest_route=\/wp\/v2\/users\/1"}],"replies":[{"embeddable":true,"href":"https:\/\/www.binnenschiffsmodelle.de\/index.php?rest_route=%2Fwp%2Fv2%2Fcomments&post=355"}],"version-history":[{"count":2,"href":"https:\/\/www.binnenschiffsmodelle.de\/index.php?rest_route=\/wp\/v2\/pages\/355\/revisions"}],"predecessor-version":[{"id":360,"href":"https:\/\/www.binnenschiffsmodelle.de\/index.php?rest_route=\/wp\/v2\/pages\/355\/revisions\/360"}],"up":[{"embeddable":true,"href":"https:\/\/www.binnenschiffsmodelle.de\/index.php?rest_route=\/wp\/v2\/pages\/62"}],"wp:attachment":[{"href":"https:\/\/www.binnenschiffsmodelle.de\/index.php?rest_route=%2Fwp%2Fv2%2Fmedia&parent=355"}],"curies":[{"name":"wp","href":"https:\/\/api.w.org\/{rel}","templated":true}]}}