{"id":371,"date":"2018-11-17T21:39:40","date_gmt":"2018-11-17T20:39:40","guid":{"rendered":"http:\/\/www.binnenschiffsmodelle.de\/?page_id=371"},"modified":"2018-11-17T21:44:07","modified_gmt":"2018-11-17T20:44:07","slug":"rpl-5","status":"publish","type":"page","link":"https:\/\/www.binnenschiffsmodelle.de\/?page_id=371","title":{"rendered":"RPL 5"},"content":{"rendered":"<p>RPL 5<\/p>\n<p>Feuerwehrf\u00e4hre erbaut von Mika Dehoust.<\/p>\n<p>Ma\u00dfstab 1:50<\/p>\n<p>L\u00e4nge: ca 60cm<\/p>\n<p>Breite: ca 14cm<\/p>\n<p>Vorbild: Eine Flussf\u00e4hre vom Typ 59 Mannheim.Gebaut auf der Schimag Werft in Mannheim 1960.Nach Aufl\u00f6sung der Flusspioniere in Schierstein verkauft und nun als Feuerwehrf\u00e4hre in Bingen am Rhein im Einsatz.<\/p>\n<p>&nbsp;<\/p>\n<p><strong>ngg_shortcode_0_placeholder<\/strong><\/p>\n","protected":false},"excerpt":{"rendered":"<p>RPL 5 Feuerwehrf\u00e4hre erbaut von Mika Dehoust. Ma\u00dfstab 1:50 L\u00e4nge: ca 60cm Breite: ca 14cm Vorbild: Eine Flussf\u00e4hre vom Typ 59 Mannheim.Gebaut auf der Schimag Werft in Mannheim 1960.Nach Aufl\u00f6sung der Flusspioniere in Schierstein verkauft und nun als Feuerwehrf\u00e4hre in [&hellip;]<\/p>\n","protected":false},"author":1,"featured_media":0,"parent":41,"menu_order":0,"comment_status":"closed","ping_status":"closed","template":"","meta":{"ngg_post_thumbnail":0},"_links":{"self":[{"href":"https:\/\/www.binnenschiffsmodelle.de\/index.php?rest_route=\/wp\/v2\/pages\/371"}],"collection":[{"href":"https:\/\/www.binnenschiffsmodelle.de\/index.php?rest_route=\/wp\/v2\/pages"}],"about":[{"href":"https:\/\/www.binnenschiffsmodelle.de\/index.php?rest_route=\/wp\/v2\/types\/page"}],"author":[{"embeddable":true,"href":"https:\/\/www.binnenschiffsmodelle.de\/index.php?rest_route=\/wp\/v2\/users\/1"}],"replies":[{"embeddable":true,"href":"https:\/\/www.binnenschiffsmodelle.de\/index.php?rest_route=%2Fwp%2Fv2%2Fcomments&post=371"}],"version-history":[{"count":1,"href":"https:\/\/www.binnenschiffsmodelle.de\/index.php?rest_route=\/wp\/v2\/pages\/371\/revisions"}],"predecessor-version":[{"id":372,"href":"https:\/\/www.binnenschiffsmodelle.de\/index.php?rest_route=\/wp\/v2\/pages\/371\/revisions\/372"}],"up":[{"embeddable":true,"href":"https:\/\/www.binnenschiffsmodelle.de\/index.php?rest_route=\/wp\/v2\/pages\/41"}],"wp:attachment":[{"href":"https:\/\/www.binnenschiffsmodelle.de\/index.php?rest_route=%2Fwp%2Fv2%2Fmedia&parent=371"}],"curies":[{"name":"wp","href":"https:\/\/api.w.org\/{rel}","templated":true}]}}