{"id":39,"date":"2015-03-20T23:43:20","date_gmt":"2015-03-20T22:43:20","guid":{"rendered":"http:\/\/www.ni156007_2.vweb11.nitrado.net\/wordpress\/?page_id=39"},"modified":"2015-03-22T21:03:19","modified_gmt":"2015-03-22T20:03:19","slug":"falkenstein","status":"publish","type":"page","link":"https:\/\/www.binnenschiffsmodelle.de\/?page_id=39","title":{"rendered":"Falkenstein"},"content":{"rendered":"<p>Falkenstein 1:50<\/p>\n<p>Gr\u00f6\u00dfe:<\/p>\n<p>Original: (Vor Verl\u00e4ngerung auf 105m) 80m x 9,50<br \/>\nModell: 1,60m x 19cm<\/p>\nngg_shortcode_0_placeholder\n","protected":false},"excerpt":{"rendered":"<p>Falkenstein 1:50 Gr\u00f6\u00dfe: Original: (Vor Verl\u00e4ngerung auf 105m) 80m x 9,50 Modell: 1,60m x 19cm<\/p>\n","protected":false},"author":1,"featured_media":0,"parent":41,"menu_order":0,"comment_status":"closed","ping_status":"closed","template":"","meta":{"ngg_post_thumbnail":0},"_links":{"self":[{"href":"https:\/\/www.binnenschiffsmodelle.de\/index.php?rest_route=\/wp\/v2\/pages\/39"}],"collection":[{"href":"https:\/\/www.binnenschiffsmodelle.de\/index.php?rest_route=\/wp\/v2\/pages"}],"about":[{"href":"https:\/\/www.binnenschiffsmodelle.de\/index.php?rest_route=\/wp\/v2\/types\/page"}],"author":[{"embeddable":true,"href":"https:\/\/www.binnenschiffsmodelle.de\/index.php?rest_route=\/wp\/v2\/users\/1"}],"replies":[{"embeddable":true,"href":"https:\/\/www.binnenschiffsmodelle.de\/index.php?rest_route=%2Fwp%2Fv2%2Fcomments&post=39"}],"version-history":[{"count":4,"href":"https:\/\/www.binnenschiffsmodelle.de\/index.php?rest_route=\/wp\/v2\/pages\/39\/revisions"}],"predecessor-version":[{"id":165,"href":"https:\/\/www.binnenschiffsmodelle.de\/index.php?rest_route=\/wp\/v2\/pages\/39\/revisions\/165"}],"up":[{"embeddable":true,"href":"https:\/\/www.binnenschiffsmodelle.de\/index.php?rest_route=\/wp\/v2\/pages\/41"}],"wp:attachment":[{"href":"https:\/\/www.binnenschiffsmodelle.de\/index.php?rest_route=%2Fwp%2Fv2%2Fmedia&parent=39"}],"curies":[{"name":"wp","href":"https:\/\/api.w.org\/{rel}","templated":true}]}}