{"id":70,"date":"2015-03-21T00:28:53","date_gmt":"2015-03-20T23:28:53","guid":{"rendered":"http:\/\/www.ni156007_2.vweb11.nitrado.net\/wordpress\/?page_id=70"},"modified":"2025-12-21T12:12:57","modified_gmt":"2025-12-21T11:12:57","slug":"impressum","status":"publish","type":"page","link":"https:\/\/www.binnenschiffsmodelle.de\/?page_id=70","title":{"rendered":"Impressum"},"content":{"rendered":"<p>Name der Site: Binnenschiffe im Modell<\/p>\n<p>Inhalt der Site: Das ist eine rein private Homepage<\/p>\n<p>Domaininhaber: Helmut Dehoust<\/p>\n<p>Administrativer Ansprechpartner: Mika Dehoust&nbsp;<\/p>\n<p>Urheberrechte &amp; Quellennachweise :<br \/>\nDie auf dieser Webseite gezeigten Skizzen, Bilder, Texte, Dokumente sind, insofern nicht anders vermerkt, Eigentum des Autors und unterliegen dem Urheberrecht. Einige Inhalte wie z.B. Bilder, Texte, Tabellen wurden Printmedien entnommen. Ich gehe davon aus, dass f\u00fcr diese Medien keine konkreten Urheberrechte vorhanden sind. Falls dies doch der Fall sein sollte, so bitte ich um eine kurze Benachrichtigung, damit ich den Urheberrechten nachkommen und diese Inhalte von der Seite nehmen kann. Ich gehe davon aus, dass f\u00fcr die Verwendung dieser Medien das Recht zur Nutzung bis auf Widerruf gilt.<br \/>\nDas Recht, Teile der Seite oder den gesamten Inhalt dieser Website ohne gesonderte Ank\u00fcndigung zu ver\u00e4ndern, zu erg\u00e4nzen, zu l\u00f6schen oder die Ver\u00f6ffentlichung zeitweise oder endg\u00fcltig einzustellen, behalte ich, Helmut Dehoust, mir vor.<\/p>\n<p>Der \u201eDownload&#8220; auf Ihren privaten Computer (PC) sowie der Ausdruck zu Ihrem privaten Gebrauch ist gestattet.<br \/>\nDatenschutz:<br \/>\nSoweit auf meiner Homepage personenbezogene Daten (beispielsweise Name, Anschrift oder Email-Adressen) erhoben werden, erfolgt dies soweit m\u00f6glich stets auf freiwilliger Basis. Die Nutzung der Angebote und Dienste ist, soweit m\u00f6glich, stets ohne Angabe personenbezogener Daten m\u00f6glich.<br \/>\nIch weise darauf hin, dass die Daten\u00fcbertragung im Internet (z.B. bei der Kommunikation per E-Mail) Sicherheitsl\u00fccken aufweisen kann. Ein l\u00fcckenloser Schutz der Daten vor dem Zugriff durch Dritte ist nicht m\u00f6glich.<br \/>\nDer Nutzung von im Rahmen der Impressums Pflicht ver\u00f6ffentlichten Kontaktdaten durch Dritte zur \u00dcbersendung von nicht ausdr\u00fccklich angeforderter Werbung und Informationsmaterialien wird hiermit ausdr\u00fccklich widersprochen.<br \/>\nAls Betreiber dieser Homepage behalte ich mir ausdr\u00fccklich rechtliche Schritte im Falle der unverlangten Zusendung von Werbeinformationen, wie etwa durch Spam-Mails o.\u00e4. vor und wird diese auch unnachgiebig verfolgen.Quelle: eRecht24.de &#8211; Rechtsberatung von Anwalt S\u00f6ren Siebert<\/p>\n<p>Alle Inhalte auf diesen Seiten wurden von mir sorgf\u00e4ltig zusammengestellt. Sollten Sie auf diesen Seiten dennoch Inhalte finden, die Ihrer Meinung nach nicht richtig sind, oder sollten Sie Anregungen haben, die zur Verbesserung der Seiten beitragen, bitte ich Sie um eine kurze Email an : administratoren (at) binnenschiffsmodelle.de<\/p>\n","protected":false},"excerpt":{"rendered":"<p>Name der Site: Binnenschiffe im Modell Inhalt der Site: Das ist eine rein private Homepage Domaininhaber: Helmut Dehoust Administrativer Ansprechpartner: Mika Dehoust&nbsp; Urheberrechte &amp; Quellennachweise : Die auf dieser Webseite gezeigten Skizzen, Bilder, Texte, Dokumente sind, insofern nicht anders vermerkt, [&hellip;]<\/p>\n","protected":false},"author":1,"featured_media":0,"parent":0,"menu_order":7,"comment_status":"closed","ping_status":"closed","template":"","meta":{"ngg_post_thumbnail":0},"_links":{"self":[{"href":"https:\/\/www.binnenschiffsmodelle.de\/index.php?rest_route=\/wp\/v2\/pages\/70"}],"collection":[{"href":"https:\/\/www.binnenschiffsmodelle.de\/index.php?rest_route=\/wp\/v2\/pages"}],"about":[{"href":"https:\/\/www.binnenschiffsmodelle.de\/index.php?rest_route=\/wp\/v2\/types\/page"}],"author":[{"embeddable":true,"href":"https:\/\/www.binnenschiffsmodelle.de\/index.php?rest_route=\/wp\/v2\/users\/1"}],"replies":[{"embeddable":true,"href":"https:\/\/www.binnenschiffsmodelle.de\/index.php?rest_route=%2Fwp%2Fv2%2Fcomments&post=70"}],"version-history":[{"count":12,"href":"https:\/\/www.binnenschiffsmodelle.de\/index.php?rest_route=\/wp\/v2\/pages\/70\/revisions"}],"predecessor-version":[{"id":709,"href":"https:\/\/www.binnenschiffsmodelle.de\/index.php?rest_route=\/wp\/v2\/pages\/70\/revisions\/709"}],"wp:attachment":[{"href":"https:\/\/www.binnenschiffsmodelle.de\/index.php?rest_route=%2Fwp%2Fv2%2Fmedia&parent=70"}],"curies":[{"name":"wp","href":"https:\/\/api.w.org\/{rel}","templated":true}]}}